{"id":32,"date":"2024-02-07T13:26:03","date_gmt":"2024-02-07T12:26:03","guid":{"rendered":"http:\/\/branzowa.edu.pl\/?page_id=32"},"modified":"2024-02-19T13:33:46","modified_gmt":"2024-02-19T12:33:46","slug":"kierunki-ksztalcenia","status":"publish","type":"page","link":"https:\/\/branzowa.edu.pl\/?page_id=32","title":{"rendered":"Kierunki kszta\u0142cenia"},"content":{"rendered":"\n<p class=\"has-vivid-cyan-blue-color has-text-color has-link-color wp-elements-1ff4817fd9f324d4e4ec45c9d9888f0a\"><strong>Blacharz samochodowy 721306<\/strong><\/p>\n\n\n\n<p><a href=\"https:\/\/www.ore.edu.pl\/wp-content\/uploads\/2020\/03\/blacharz-samochodowy.pdf\">Podstawa programowa<\/a>          <\/p>\n\n\n\n<p>Program nauczania  <\/p>\n\n\n\n<div class=\"wp-block-file\"><a id=\"wp-block-file--media-f11f5632-477e-4e7e-a230-52c71da2fc89\" href=\"http:\/\/branzowa.edu.pl\/wp-content\/uploads\/2024\/02\/blacharz-samochodowy-721306-1.docx\">blacharz-samochodowy-721306-1<\/a><a href=\"http:\/\/branzowa.edu.pl\/wp-content\/uploads\/2024\/02\/blacharz-samochodowy-721306-1.docx\" class=\"wp-block-file__button wp-element-button\" download aria-describedby=\"wp-block-file--media-f11f5632-477e-4e7e-a230-52c71da2fc89\">Pobierz<\/a><\/div>\n\n\n\n<p class=\"has-vivid-cyan-blue-color has-text-color has-link-color wp-elements-8739473569911516c6802844135e3bfc\"><strong>Dekarz 712101<\/strong><\/p>\n\n\n\n<p><a href=\"https:\/\/www.ore.edu.pl\/wp-content\/uploads\/2020\/03\/dekarz.pdf\">Podstawa programowa<\/a><\/p>\n\n\n\n<p>Program nauczania<\/p>\n\n\n\n<div class=\"wp-block-file\"><a id=\"wp-block-file--media-66045bbd-8f00-45fc-a91a-d03bfff66d23\" href=\"http:\/\/branzowa.edu.pl\/wp-content\/uploads\/2024\/02\/dekarz-712101-1.docx\">dekarz-712101-1<\/a><a href=\"http:\/\/branzowa.edu.pl\/wp-content\/uploads\/2024\/02\/dekarz-712101-1.docx\" class=\"wp-block-file__button wp-element-button\" download aria-describedby=\"wp-block-file--media-66045bbd-8f00-45fc-a91a-d03bfff66d23\">Pobierz<\/a><\/div>\n\n\n\n<p class=\"has-vivid-cyan-blue-color has-text-color has-link-color wp-elements-04643cdb166df1926e4d055e58f9f8b8\"><strong>Elektromechanik 741201<\/strong><\/p>\n\n\n\n<p><a href=\"https:\/\/www.ore.edu.pl\/wp-content\/uploads\/2020\/03\/elektromechanik.pdf\">Podstawa programowa<\/a><\/p>\n\n\n\n<p>Program nauczania<\/p>\n\n\n\n<div class=\"wp-block-file\"><a id=\"wp-block-file--media-aa84eaed-a31d-4deb-ad31-f48d92d06604\" href=\"http:\/\/branzowa.edu.pl\/wp-content\/uploads\/2024\/02\/ektromechanik-741201-1.docx\">ektromechanik-741201 (1)<\/a><a href=\"http:\/\/branzowa.edu.pl\/wp-content\/uploads\/2024\/02\/ektromechanik-741201-1.docx\" class=\"wp-block-file__button wp-element-button\" download aria-describedby=\"wp-block-file--media-aa84eaed-a31d-4deb-ad31-f48d92d06604\">Pobierz<\/a><\/div>\n\n\n\n<p class=\"has-vivid-cyan-blue-color has-text-color has-link-color wp-elements-617286add7accf14d1a18d53e6449457\"><strong>Elektromechanik pojazd\u00f3w samochodowych 741203<\/strong><\/p>\n\n\n\n<p><a href=\"https:\/\/www.ore.edu.pl\/wp-content\/uploads\/2020\/03\/elektromechanik-pojazdow-samochodowych.pdf\">Podstawa programowa<\/a><\/p>\n\n\n\n<p>Program nauczania<\/p>\n\n\n\n<div class=\"wp-block-file\"><a id=\"wp-block-file--media-0c3360d2-dded-4c70-a19f-bee56a408c2d\" href=\"http:\/\/branzowa.edu.pl\/wp-content\/uploads\/2024\/02\/elektromechanik-pojazdow-samochodowych-741203.docx\">elektromechanik-pojazdow-samochodowych-741203<\/a><a href=\"http:\/\/branzowa.edu.pl\/wp-content\/uploads\/2024\/02\/elektromechanik-pojazdow-samochodowych-741203.docx\" class=\"wp-block-file__button wp-element-button\" download aria-describedby=\"wp-block-file--media-0c3360d2-dded-4c70-a19f-bee56a408c2d\">Pobierz<\/a><\/div>\n\n\n\n<p class=\"has-vivid-cyan-blue-color has-text-color has-link-color wp-elements-3be6b5d5a35a6098e0c436a8b490b2c1\"><strong>Elektryk 741103<\/strong><\/p>\n\n\n\n<p><a href=\"https:\/\/www.ore.edu.pl\/wp-content\/uploads\/2020\/03\/elektryk.pdf\">Podstawa programowa<\/a><\/p>\n\n\n\n<p>Program nauczania<\/p>\n\n\n\n<div class=\"wp-block-file\"><a id=\"wp-block-file--media-d9da7b7d-f7bf-4719-88ef-1bcc6cadddd3\" href=\"http:\/\/branzowa.edu.pl\/wp-content\/uploads\/2024\/02\/elektryk-741103.docx\">elektryk-741103<\/a><a href=\"http:\/\/branzowa.edu.pl\/wp-content\/uploads\/2024\/02\/elektryk-741103.docx\" class=\"wp-block-file__button wp-element-button\" download aria-describedby=\"wp-block-file--media-d9da7b7d-f7bf-4719-88ef-1bcc6cadddd3\">Pobierz<\/a><\/div>\n\n\n\n<p class=\"has-vivid-cyan-blue-color has-text-color has-link-color wp-elements-a4d9054583b3b4d38cfacf9d48a7c511\"><strong>Kamieniarz 711301<\/strong><\/p>\n\n\n\n<p><a href=\"https:\/\/www.ore.edu.pl\/wp-content\/uploads\/2020\/03\/kamieniarz.pdf\">Podstawa programowa<\/a><\/p>\n\n\n\n<p>Program nauczania<\/p>\n\n\n\n<div class=\"wp-block-file\"><a id=\"wp-block-file--media-6311721d-cbc2-44e3-81d8-b5f54388d8e1\" href=\"http:\/\/branzowa.edu.pl\/wp-content\/uploads\/2024\/02\/kamieniarz.doc\">kamieniarz<\/a><a href=\"http:\/\/branzowa.edu.pl\/wp-content\/uploads\/2024\/02\/kamieniarz.doc\" class=\"wp-block-file__button wp-element-button\" download aria-describedby=\"wp-block-file--media-6311721d-cbc2-44e3-81d8-b5f54388d8e1\">Pobierz<\/a><\/div>\n\n\n\n<p class=\"has-vivid-cyan-blue-color has-text-color has-link-color wp-elements-1ab9c3a151c7136b03352526f5c62001\"><strong>Mechanik pojazd\u00f3w samochodowych 723103<\/strong><\/p>\n\n\n\n<p><a href=\"https:\/\/www.ore.edu.pl\/wp-content\/uploads\/2020\/03\/mechanik-pojazdow-samochodowych.pdf\">Podstawa programowa<\/a><\/p>\n\n\n\n<p>Program nauczania<\/p>\n\n\n\n<div class=\"wp-block-file\"><a id=\"wp-block-file--media-2f6fcc3e-0b8a-4e3c-aa75-e7543966b03c\" href=\"http:\/\/branzowa.edu.pl\/wp-content\/uploads\/2024\/02\/mechanik-pojazdow-samochodowych-723103.docx\">mechanik-pojazdow-samochodowych-723103<\/a><a href=\"http:\/\/branzowa.edu.pl\/wp-content\/uploads\/2024\/02\/mechanik-pojazdow-samochodowych-723103.docx\" class=\"wp-block-file__button wp-element-button\" download aria-describedby=\"wp-block-file--media-2f6fcc3e-0b8a-4e3c-aa75-e7543966b03c\">Pobierz<\/a><\/div>\n\n\n\n<p class=\"has-vivid-cyan-blue-color has-text-color has-link-color wp-elements-f87b424747be64b650bdfee49254e649\"><strong>Operator obrabiarek skrawaj\u0105cych 722307<\/strong><\/p>\n\n\n\n<p><a href=\"https:\/\/www.ore.edu.pl\/wp-content\/uploads\/ksztalcenie_zawodowe\/zawody2-3\/Operator-obrabiarek-skrawajacych-722307.pdf\">Podstawa programow<\/a><a href=\"https:\/\/www.ore.edu.pl\/wp-content\/uploads\/2020\/03\/operator-obrabiarek-skrawajacych.pdf\">a<\/a><\/p>\n\n\n\n<p>Program nauczania<\/p>\n\n\n\n<p><a href=\"https:\/\/mail.gce.gliwice.pl\/odidz\/oo.pdf\">Operator obrabiarek skrawaj\u0105cych<\/a>  <\/p>\n\n\n\n<p class=\"has-vivid-cyan-blue-color has-text-color has-link-color wp-elements-dfc00a2fc6becd79c5c3cdb10b5300fa\"><strong>Piekarz\u00a0 751204<\/strong><\/p>\n\n\n\n<p><a href=\"https:\/\/www.ore.edu.pl\/wp-content\/uploads\/2020\/03\/piekarz.pdf\">Podstawa programowa<\/a><\/p>\n\n\n\n<p>Program nauczania<\/p>\n\n\n\n<div class=\"wp-block-file\"><a id=\"wp-block-file--media-a7867ed6-75f3-4ecb-bedb-d622dba31cad\" href=\"http:\/\/branzowa.edu.pl\/wp-content\/uploads\/2024\/02\/piekarz.docx\">piekarz<\/a><a href=\"http:\/\/branzowa.edu.pl\/wp-content\/uploads\/2024\/02\/piekarz.docx\" class=\"wp-block-file__button wp-element-button\" download aria-describedby=\"wp-block-file--media-a7867ed6-75f3-4ecb-bedb-d622dba31cad\">Pobierz<\/a><\/div>\n\n\n\n<p class=\"has-vivid-cyan-blue-color has-text-color has-link-color wp-elements-54fe154184a7cc7a8620ffe76cca84e1\"><strong>\u015alusarz\u00a0\u00a0\u00a0\u00a0\u00a0\u00a0\u00a0 722204<\/strong><\/p>\n\n\n\n<p><a href=\"https:\/\/www.ore.edu.pl\/wp-content\/uploads\/2020\/03\/slusarz.pdf\">Podstawa programowa<\/a><\/p>\n\n\n\n<p>Program nauczania<\/p>\n\n\n\n<div class=\"wp-block-file\"><a id=\"wp-block-file--media-49231b14-1a63-46bc-9ff0-69210f00ef37\" href=\"http:\/\/branzowa.edu.pl\/wp-content\/uploads\/2024\/02\/slusarz.docx\">slusarz<\/a><a href=\"http:\/\/branzowa.edu.pl\/wp-content\/uploads\/2024\/02\/slusarz.docx\" class=\"wp-block-file__button wp-element-button\" download aria-describedby=\"wp-block-file--media-49231b14-1a63-46bc-9ff0-69210f00ef37\">Pobierz<\/a><\/div>\n\n\n\n<p class=\"has-vivid-cyan-blue-color has-text-color has-link-color wp-elements-12f128ab3eff3c2e80e605f38258403e\"><strong>Przetw\u00f3rca mi\u0119sa\u00a0\u00a0 751108<\/strong><\/p>\n\n\n\n<p><a href=\"https:\/\/www.ore.edu.pl\/wp-content\/uploads\/2020\/03\/przetworca-miesa.pdf\">Podstawa programowa<\/a><\/p>\n\n\n\n<p>Program nauczania<\/p>\n\n\n\n<div class=\"wp-block-file\"><a id=\"wp-block-file--media-a4d99560-90cb-4936-8159-df95e36bd339\" href=\"http:\/\/branzowa.edu.pl\/wp-content\/uploads\/2024\/02\/przetworca-miesa.docx\">przetworca-miesa<\/a><a href=\"http:\/\/branzowa.edu.pl\/wp-content\/uploads\/2024\/02\/przetworca-miesa.docx\" class=\"wp-block-file__button wp-element-button\" download aria-describedby=\"wp-block-file--media-a4d99560-90cb-4936-8159-df95e36bd339\">Pobierz<\/a><\/div>\n","protected":false},"excerpt":{"rendered":"<p>Blacharz samochodowy 721306 Podstawa programowa Program nauczania Dekarz 712101 Podstawa programowa Program nauczania Elektromechanik 741201 Podstawa programowa Program nauczania Elektromechanik pojazd\u00f3w samochodowych 741203 Podstawa programowa Program nauczania Elektryk 741103 Podstawa programowa Program nauczania Kamieniarz 711301 Podstawa programowa Program nauczania Mechanik pojazd\u00f3w samochodowych 723103 Podstawa programowa Program nauczania Operator obrabiarek skrawaj\u0105cych 722307 Podstawa programowa Program nauczania Operator obrabiarek skrawaj\u0105cych Piekarz\u00a0 751204 [&hellip;]<\/p>\n","protected":false},"author":1,"featured_media":0,"parent":0,"menu_order":0,"comment_status":"closed","ping_status":"closed","template":"","meta":{"footnotes":""},"class_list":["post-32","page","type-page","status-publish","hentry"],"yoast_head":"<!-- This site is optimized with the Yoast SEO plugin v27.0 - https:\/\/yoast.com\/product\/yoast-seo-wordpress\/ -->\n<title>Kierunki kszta\u0142cenia - NRSBIS<\/title>\n<meta name=\"robots\" content=\"index, follow, max-snippet:-1, max-image-preview:large, max-video-preview:-1\" \/>\n<link rel=\"canonical\" href=\"https:\/\/branzowa.edu.pl\/?page_id=32\" \/>\n<meta property=\"og:locale\" content=\"en_US\" \/>\n<meta property=\"og:type\" content=\"article\" \/>\n<meta property=\"og:title\" content=\"Kierunki kszta\u0142cenia - NRSBIS\" \/>\n<meta property=\"og:description\" content=\"Blacharz samochodowy 721306 Podstawa programowa Program nauczania Dekarz 712101 Podstawa programowa Program nauczania Elektromechanik 741201 Podstawa programowa Program nauczania Elektromechanik pojazd\u00f3w samochodowych 741203 Podstawa programowa Program nauczania Elektryk 741103 Podstawa programowa Program nauczania Kamieniarz 711301 Podstawa programowa Program nauczania Mechanik pojazd\u00f3w samochodowych 723103 Podstawa programowa Program nauczania Operator obrabiarek skrawaj\u0105cych 722307 Podstawa programowa Program nauczania Operator obrabiarek skrawaj\u0105cych Piekarz\u00a0 751204 [&hellip;]\" \/>\n<meta property=\"og:url\" content=\"https:\/\/branzowa.edu.pl\/?page_id=32\" \/>\n<meta property=\"og:site_name\" content=\"NRSBIS\" \/>\n<meta property=\"article:modified_time\" content=\"2024-02-19T12:33:46+00:00\" \/>\n<meta name=\"twitter:card\" content=\"summary_large_image\" \/>\n<meta name=\"twitter:label1\" content=\"Est. reading time\" \/>\n\t<meta name=\"twitter:data1\" content=\"1 minute\" \/>\n<script type=\"application\/ld+json\" class=\"yoast-schema-graph\">{\"@context\":\"https:\/\/schema.org\",\"@graph\":[{\"@type\":\"WebPage\",\"@id\":\"https:\/\/branzowa.edu.pl\/?page_id=32\",\"url\":\"https:\/\/branzowa.edu.pl\/?page_id=32\",\"name\":\"Kierunki kszta\u0142cenia - NRSBIS\",\"isPartOf\":{\"@id\":\"https:\/\/branzowa.edu.pl\/#website\"},\"datePublished\":\"2024-02-07T12:26:03+00:00\",\"dateModified\":\"2024-02-19T12:33:46+00:00\",\"breadcrumb\":{\"@id\":\"https:\/\/branzowa.edu.pl\/?page_id=32#breadcrumb\"},\"inLanguage\":\"en-US\",\"potentialAction\":[{\"@type\":\"ReadAction\",\"target\":[\"https:\/\/branzowa.edu.pl\/?page_id=32\"]}]},{\"@type\":\"BreadcrumbList\",\"@id\":\"https:\/\/branzowa.edu.pl\/?page_id=32#breadcrumb\",\"itemListElement\":[{\"@type\":\"ListItem\",\"position\":1,\"name\":\"Home\",\"item\":\"https:\/\/branzowa.edu.pl\/\"},{\"@type\":\"ListItem\",\"position\":2,\"name\":\"Kierunki kszta\u0142cenia\"}]},{\"@type\":\"WebSite\",\"@id\":\"https:\/\/branzowa.edu.pl\/#website\",\"url\":\"https:\/\/branzowa.edu.pl\/\",\"name\":\"NRSBIS\",\"description\":\"\",\"potentialAction\":[{\"@type\":\"SearchAction\",\"target\":{\"@type\":\"EntryPoint\",\"urlTemplate\":\"https:\/\/branzowa.edu.pl\/?s={search_term_string}\"},\"query-input\":{\"@type\":\"PropertyValueSpecification\",\"valueRequired\":true,\"valueName\":\"search_term_string\"}}],\"inLanguage\":\"en-US\"}]}<\/script>\n<!-- \/ Yoast SEO plugin. -->","yoast_head_json":{"title":"Kierunki kszta\u0142cenia - NRSBIS","robots":{"index":"index","follow":"follow","max-snippet":"max-snippet:-1","max-image-preview":"max-image-preview:large","max-video-preview":"max-video-preview:-1"},"canonical":"https:\/\/branzowa.edu.pl\/?page_id=32","og_locale":"en_US","og_type":"article","og_title":"Kierunki kszta\u0142cenia - NRSBIS","og_description":"Blacharz samochodowy 721306 Podstawa programowa Program nauczania Dekarz 712101 Podstawa programowa Program nauczania Elektromechanik 741201 Podstawa programowa Program nauczania Elektromechanik pojazd\u00f3w samochodowych 741203 Podstawa programowa Program nauczania Elektryk 741103 Podstawa programowa Program nauczania Kamieniarz 711301 Podstawa programowa Program nauczania Mechanik pojazd\u00f3w samochodowych 723103 Podstawa programowa Program nauczania Operator obrabiarek skrawaj\u0105cych 722307 Podstawa programowa Program nauczania Operator obrabiarek skrawaj\u0105cych Piekarz\u00a0 751204 [&hellip;]","og_url":"https:\/\/branzowa.edu.pl\/?page_id=32","og_site_name":"NRSBIS","article_modified_time":"2024-02-19T12:33:46+00:00","twitter_card":"summary_large_image","twitter_misc":{"Est. reading time":"1 minute"},"schema":{"@context":"https:\/\/schema.org","@graph":[{"@type":"WebPage","@id":"https:\/\/branzowa.edu.pl\/?page_id=32","url":"https:\/\/branzowa.edu.pl\/?page_id=32","name":"Kierunki kszta\u0142cenia - NRSBIS","isPartOf":{"@id":"https:\/\/branzowa.edu.pl\/#website"},"datePublished":"2024-02-07T12:26:03+00:00","dateModified":"2024-02-19T12:33:46+00:00","breadcrumb":{"@id":"https:\/\/branzowa.edu.pl\/?page_id=32#breadcrumb"},"inLanguage":"en-US","potentialAction":[{"@type":"ReadAction","target":["https:\/\/branzowa.edu.pl\/?page_id=32"]}]},{"@type":"BreadcrumbList","@id":"https:\/\/branzowa.edu.pl\/?page_id=32#breadcrumb","itemListElement":[{"@type":"ListItem","position":1,"name":"Home","item":"https:\/\/branzowa.edu.pl\/"},{"@type":"ListItem","position":2,"name":"Kierunki kszta\u0142cenia"}]},{"@type":"WebSite","@id":"https:\/\/branzowa.edu.pl\/#website","url":"https:\/\/branzowa.edu.pl\/","name":"NRSBIS","description":"","potentialAction":[{"@type":"SearchAction","target":{"@type":"EntryPoint","urlTemplate":"https:\/\/branzowa.edu.pl\/?s={search_term_string}"},"query-input":{"@type":"PropertyValueSpecification","valueRequired":true,"valueName":"search_term_string"}}],"inLanguage":"en-US"}]}},"_links":{"self":[{"href":"https:\/\/branzowa.edu.pl\/index.php?rest_route=\/wp\/v2\/pages\/32","targetHints":{"allow":["GET"]}}],"collection":[{"href":"https:\/\/branzowa.edu.pl\/index.php?rest_route=\/wp\/v2\/pages"}],"about":[{"href":"https:\/\/branzowa.edu.pl\/index.php?rest_route=\/wp\/v2\/types\/page"}],"author":[{"embeddable":true,"href":"https:\/\/branzowa.edu.pl\/index.php?rest_route=\/wp\/v2\/users\/1"}],"replies":[{"embeddable":true,"href":"https:\/\/branzowa.edu.pl\/index.php?rest_route=%2Fwp%2Fv2%2Fcomments&post=32"}],"version-history":[{"count":2,"href":"https:\/\/branzowa.edu.pl\/index.php?rest_route=\/wp\/v2\/pages\/32\/revisions"}],"predecessor-version":[{"id":75,"href":"https:\/\/branzowa.edu.pl\/index.php?rest_route=\/wp\/v2\/pages\/32\/revisions\/75"}],"wp:attachment":[{"href":"https:\/\/branzowa.edu.pl\/index.php?rest_route=%2Fwp%2Fv2%2Fmedia&parent=32"}],"curies":[{"name":"wp","href":"https:\/\/api.w.org\/{rel}","templated":true}]}}